{"id":3183,"date":"2025-06-26T12:35:09","date_gmt":"2025-06-26T11:35:09","guid":{"rendered":"https:\/\/uk-staging.enwa.com\/?page_id=3183"},"modified":"2026-03-10T16:36:05","modified_gmt":"2026-03-10T15:36:05","slug":"nachhaltigkeit","status":"publish","type":"page","link":"https:\/\/uk-staging.enwa.com\/de\/sustainability\/","title":{"rendered":"Nachhaltigkeit"},"content":{"rendered":"<div data-elementor-type=\"wp-page\" data-elementor-id=\"3183\" class=\"elementor elementor-3183\" data-elementor-post-type=\"page\">\n\t\t\t\t<div class=\"elementor-element elementor-element-62087b5 e-con-full e-flex e-con e-parent\" data-id=\"62087b5\" data-element_type=\"container\" data-e-type=\"container\">\n\t\t\t\t<div class=\"elementor-element elementor-element-f96b70d elementor-widget elementor-widget-template\" data-id=\"f96b70d\" data-element_type=\"widget\" data-e-type=\"widget\" data-widget_type=\"template.default\">\n\t\t\t\t<div class=\"elementor-widget-container\">\n\t\t\t\t\t\t\t<div class=\"elementor-template\">\n\t\t\t\t\t<div data-elementor-type=\"container\" data-elementor-id=\"3155\" class=\"elementor elementor-3155\" data-elementor-post-type=\"elementor_library\">\n\t\t\t\t<div class=\"elementor-element elementor-element-19fb5812 e-con-full e-flex e-con e-parent\" data-id=\"19fb5812\" data-element_type=\"container\" data-e-type=\"container\">\n\t\t<div class=\"elementor-element elementor-element-5c000f2b e-con-full e-flex e-con e-child\" data-id=\"5c000f2b\" data-element_type=\"container\" data-e-type=\"container\" data-settings=\"{&quot;background_background&quot;:&quot;classic&quot;}\">\n\t\t\t\t<\/div>\n\t\t<div class=\"elementor-element elementor-element-33961fb3 e-flex e-con-boxed e-con e-child\" data-id=\"33961fb3\" data-element_type=\"container\" data-e-type=\"container\" data-settings=\"{&quot;background_background&quot;:&quot;classic&quot;}\">\n\t\t\t\t\t<div class=\"e-con-inner\">\n\t\t<div class=\"elementor-element elementor-element-9e14839 e-flex e-con-boxed e-con e-child\" data-id=\"9e14839\" data-element_type=\"container\" data-e-type=\"container\" data-settings=\"{&quot;background_background&quot;:&quot;classic&quot;}\">\n\t\t\t\t\t<div class=\"e-con-inner\">\n\t\t\t\t<div class=\"elementor-element elementor-element-4492be94 elementor-widget elementor-widget-heading\" data-id=\"4492be94\" data-element_type=\"widget\" data-e-type=\"widget\" data-widget_type=\"heading.default\">\n\t\t\t\t<div class=\"elementor-widget-container\">\n\t\t\t\t\t<h1 class=\"elementor-heading-title elementor-size-default\">Nachhaltigkeit<\/h1>\t\t\t\t<\/div>\n\t\t\t\t<\/div>\n\t\t<div class=\"elementor-element elementor-element-d2de323 e-con-full e-flex e-con e-child\" data-id=\"d2de323\" data-element_type=\"container\" data-e-type=\"container\" data-settings=\"{&quot;background_background&quot;:&quot;classic&quot;}\">\n\t\t\t\t<\/div>\n\t\t\t\t<div class=\"elementor-element elementor-element-3e1b4280 elementor-widget__width-initial elementor-widget elementor-widget-text-editor\" data-id=\"3e1b4280\" data-element_type=\"widget\" data-e-type=\"widget\" data-widget_type=\"text-editor.default\">\n\t\t\t\t<div class=\"elementor-widget-container\">\n\t\t\t\t\t\t\t\t\tEnwa bietet ein breites Spektrum an Anwendungen und hilft seinen Kunden, die Komplexit\u00e4t des nachhaltigen Wassermanagements zu bew\u00e4ltigen. Nachhaltigkeit ist in jeden Aspekt unserer T\u00e4tigkeit integriert - mit dem Schwerpunkt auf der Reduzierung des Energieverbrauchs entwerfen wir energieeffiziente Systeme und setzen umweltfreundliche Technologien ein, um die R\u00fcckgewinnung von Ressourcen zu optimieren und die Abfallmenge zu minimieren. Durch kontinuierliche Innovationen und Verbesserungen setzen wir uns f\u00fcr die Bereitstellung nachhaltiger L\u00f6sungen ein, die zu einem ges\u00fcnderen Planeten und einer widerstandsf\u00e4higen Zukunft beitragen.\t\t\t\t\t\t\t\t<\/div>\n\t\t\t\t<\/div>\n\t\t\t\t\t<\/div>\n\t\t\t\t<\/div>\n\t\t\t\t\t<\/div>\n\t\t\t\t<\/div>\n\t\t\t\t<\/div>\n\t\t\t\t<\/div>\n\t\t\t\t<\/div>\n\t\t\t\t\t\t<\/div>\n\t\t\t\t<\/div>\n\t\t\t\t<\/div>\n\t\t<div class=\"elementor-element elementor-element-57954d4 e-flex e-con-boxed e-con e-parent\" data-id=\"57954d4\" data-element_type=\"container\" data-e-type=\"container\">\n\t\t\t\t\t<div class=\"e-con-inner\">\n\t\t<div class=\"elementor-element elementor-element-b15ffac e-con-full e-flex e-con e-child\" data-id=\"b15ffac\" data-element_type=\"container\" data-e-type=\"container\" data-settings=\"{&quot;background_background&quot;:&quot;video&quot;}\">\n\t\t<div class=\"elementor-element elementor-element-3731e7a e-con-full e-flex e-con e-child\" data-id=\"3731e7a\" data-element_type=\"container\" data-e-type=\"container\" data-settings=\"{&quot;background_background&quot;:&quot;classic&quot;}\">\n\t\t<div class=\"elementor-element elementor-element-3d131f7 e-con-full dvxImageBox e-flex e-con e-child\" data-id=\"3d131f7\" data-element_type=\"container\" data-e-type=\"container\" data-settings=\"{&quot;background_background&quot;:&quot;classic&quot;}\">\n\t\t\t\t<div class=\"elementor-element elementor-element-5e020ea elementor-widget elementor-widget-spacer\" data-id=\"5e020ea\" data-element_type=\"widget\" data-e-type=\"widget\" data-widget_type=\"spacer.default\">\n\t\t\t\t<div class=\"elementor-widget-container\">\n\t\t\t\t\t\t\t<div class=\"elementor-spacer\">\n\t\t\t<div class=\"elementor-spacer-inner\"><\/div>\n\t\t<\/div>\n\t\t\t\t\t\t<\/div>\n\t\t\t\t<\/div>\n\t\t\t\t<\/div>\n\t\t<div class=\"elementor-element elementor-element-bd09c3b e-con-full e-flex e-con e-child\" data-id=\"bd09c3b\" data-element_type=\"container\" data-e-type=\"container\">\n\t\t\t\t<div class=\"elementor-element elementor-element-1549fbe elementor-widget elementor-widget-heading\" data-id=\"1549fbe\" data-element_type=\"widget\" data-e-type=\"widget\" data-widget_type=\"heading.default\">\n\t\t\t\t<div class=\"elementor-widget-container\">\n\t\t\t\t\t<div class=\"elementor-heading-title elementor-size-default\">Langfristige Perspektive der Nachhaltigkeit<\/div>\t\t\t\t<\/div>\n\t\t\t\t<\/div>\n\t\t\t\t<div class=\"elementor-element elementor-element-c1b86ad elementor-widget__width-initial dvxGradientText elementor-widget elementor-widget-heading\" data-id=\"c1b86ad\" data-element_type=\"widget\" data-e-type=\"widget\" data-widget_type=\"heading.default\">\n\t\t\t\t<div class=\"elementor-widget-container\">\n\t\t\t\t\t<h2 class=\"elementor-heading-title elementor-size-default\">NACHHALTIGKEIT<\/h2>\t\t\t\t<\/div>\n\t\t\t\t<\/div>\n\t\t\t\t<div class=\"elementor-element elementor-element-71f7147 elementor-widget elementor-widget-text-editor\" data-id=\"71f7147\" data-element_type=\"widget\" data-e-type=\"widget\" data-widget_type=\"text-editor.default\">\n\t\t\t\t<div class=\"elementor-widget-container\">\n\t\t\t\t\t\t\t\t\tWir bieten nachhaltige und effiziente L\u00f6sungen, Systeme und Dienstleistungen, um die Herausforderungen der industriellen Wasser- und Abwasseraufbereitung zu meistern. Enwa setzt sich mit Leidenschaft f\u00fcr den Schutz und die Erhaltung der Umwelt und der Wasserressourcen f\u00fcr k\u00fcnftige Generationen ein.\t\t\t\t\t\t\t\t<\/div>\n\t\t\t\t<\/div>\n\t\t\t\t<\/div>\n\t\t\t\t<\/div>\n\t\t\t\t<\/div>\n\t\t\t\t\t<\/div>\n\t\t\t\t<\/div>\n\t\t<div class=\"elementor-element elementor-element-1b912dc e-flex e-con-boxed e-con e-parent\" data-id=\"1b912dc\" data-element_type=\"container\" data-e-type=\"container\">\n\t\t\t\t\t<div class=\"e-con-inner\">\n\t\t<div class=\"elementor-element elementor-element-7f19018 e-con-full e-flex e-con e-child\" data-id=\"7f19018\" data-element_type=\"container\" data-e-type=\"container\" data-settings=\"{&quot;background_background&quot;:&quot;video&quot;}\">\n\t\t<div class=\"elementor-element elementor-element-300284a e-con-full e-flex e-con e-child\" data-id=\"300284a\" data-element_type=\"container\" data-e-type=\"container\" data-settings=\"{&quot;background_background&quot;:&quot;classic&quot;}\">\n\t\t<div class=\"elementor-element elementor-element-f5782b7 e-con-full dvxImageBox e-flex e-con e-child\" data-id=\"f5782b7\" data-element_type=\"container\" data-e-type=\"container\" data-settings=\"{&quot;background_background&quot;:&quot;classic&quot;}\">\n\t\t\t\t<div class=\"elementor-element elementor-element-d4cf8c2 elementor-widget elementor-widget-spacer\" data-id=\"d4cf8c2\" data-element_type=\"widget\" data-e-type=\"widget\" data-widget_type=\"spacer.default\">\n\t\t\t\t<div class=\"elementor-widget-container\">\n\t\t\t\t\t\t\t<div class=\"elementor-spacer\">\n\t\t\t<div class=\"elementor-spacer-inner\"><\/div>\n\t\t<\/div>\n\t\t\t\t\t\t<\/div>\n\t\t\t\t<\/div>\n\t\t\t\t<\/div>\n\t\t<div class=\"elementor-element elementor-element-4015a0c e-con-full e-flex e-con e-child\" data-id=\"4015a0c\" data-element_type=\"container\" data-e-type=\"container\">\n\t\t\t\t<div class=\"elementor-element elementor-element-7733e3c elementor-widget elementor-widget-heading\" data-id=\"7733e3c\" data-element_type=\"widget\" data-e-type=\"widget\" data-widget_type=\"heading.default\">\n\t\t\t\t<div class=\"elementor-widget-container\">\n\t\t\t\t\t<div class=\"elementor-heading-title elementor-size-default\">Eine sicherere und nachhaltigere Zukunft<\/div>\t\t\t\t<\/div>\n\t\t\t\t<\/div>\n\t\t\t\t<div class=\"elementor-element elementor-element-10f6944 elementor-widget__width-initial dvxGradientText elementor-widget elementor-widget-heading\" data-id=\"10f6944\" data-element_type=\"widget\" data-e-type=\"widget\" data-widget_type=\"heading.default\">\n\t\t\t\t<div class=\"elementor-widget-container\">\n\t\t\t\t\t<h2 class=\"elementor-heading-title elementor-size-default\">CSRD<\/h2>\t\t\t\t<\/div>\n\t\t\t\t<\/div>\n\t\t\t\t<div class=\"elementor-element elementor-element-066704c elementor-widget elementor-widget-text-editor\" data-id=\"066704c\" data-element_type=\"widget\" data-e-type=\"widget\" data-widget_type=\"text-editor.default\">\n\t\t\t\t<div class=\"elementor-widget-container\">\n\t\t\t\t\t\t\t\t\t<p>Wir sind stolz darauf, eine wichtige Rolle dabei gespielt zu haben, die gesamte Branche in eine sicherere und nachhaltigere Zukunft zu f\u00fchren. Durch unser Know-how und unser Engagement sind wir ein zuverl\u00e4ssiger und langfristiger Partner f\u00fcr Kunden, die Wert auf Qualit\u00e4t, Nachhaltigkeit und Innovation legen.<br \/>Wir erf\u00fcllen die CSRD und haben eine klare Nachhaltigkeitsstrategie.<\/p>\t\t\t\t\t\t\t\t<\/div>\n\t\t\t\t<\/div>\n\t\t\t\t<\/div>\n\t\t\t\t<\/div>\n\t\t\t\t<\/div>\n\t\t\t\t\t<\/div>\n\t\t\t\t<\/div>\n\t\t\t\t<\/div>","protected":false},"excerpt":{"rendered":"<p>Enwa bietet ein breites Spektrum an Anwendungen und hilft seinen Kunden, die Komplexit\u00e4t des nachhaltigen Wassermanagements zu bew\u00e4ltigen. Nachhaltigkeit ist in jeden Aspekt unserer T\u00e4tigkeit integriert - mit dem Schwerpunkt auf der Reduzierung des Energieverbrauchs entwerfen wir energieeffiziente Systeme und setzen umweltfreundliche Technologien ein, um die R\u00fcckgewinnung von Ressourcen zu optimieren und die Abfallmenge zu minimieren. Durch kontinuierliche Innovationen und Verbesserungen setzen wir uns f\u00fcr die Bereitstellung nachhaltiger L\u00f6sungen ein, die zu einem ges\u00fcnderen Planeten und einer widerstandsf\u00e4higen Zukunft beitragen.<\/p>","protected":false},"author":1,"featured_media":0,"parent":0,"menu_order":0,"comment_status":"closed","ping_status":"closed","template":"","meta":{"_acf_changed":false,"footnotes":""},"class_list":["post-3183","page","type-page","status-publish","hentry"],"acf":[],"_links":{"self":[{"href":"https:\/\/uk-staging.enwa.com\/de\/wp-json\/wp\/v2\/pages\/3183","targetHints":{"allow":["GET"]}}],"collection":[{"href":"https:\/\/uk-staging.enwa.com\/de\/wp-json\/wp\/v2\/pages"}],"about":[{"href":"https:\/\/uk-staging.enwa.com\/de\/wp-json\/wp\/v2\/types\/page"}],"author":[{"embeddable":true,"href":"https:\/\/uk-staging.enwa.com\/de\/wp-json\/wp\/v2\/users\/1"}],"replies":[{"embeddable":true,"href":"https:\/\/uk-staging.enwa.com\/de\/wp-json\/wp\/v2\/comments?post=3183"}],"version-history":[{"count":4,"href":"https:\/\/uk-staging.enwa.com\/de\/wp-json\/wp\/v2\/pages\/3183\/revisions"}],"predecessor-version":[{"id":10080,"href":"https:\/\/uk-staging.enwa.com\/de\/wp-json\/wp\/v2\/pages\/3183\/revisions\/10080"}],"wp:attachment":[{"href":"https:\/\/uk-staging.enwa.com\/de\/wp-json\/wp\/v2\/media?parent=3183"}],"curies":[{"name":"wp","href":"https:\/\/api.w.org\/{rel}","templated":true}]}}