{"id":6235,"date":"2025-09-18T08:54:38","date_gmt":"2025-09-18T07:54:38","guid":{"rendered":"https:\/\/uk-staging.enwa.com\/?page_id=6235"},"modified":"2026-03-03T15:44:07","modified_gmt":"2026-03-03T14:44:07","slug":"kvalitets-och-miljopolicy","status":"publish","type":"page","link":"https:\/\/uk-staging.enwa.com\/sv\/quality-environmental-policy\/","title":{"rendered":"Kvalitets- och Milj\u00f6policy"},"content":{"rendered":"<div data-elementor-type=\"wp-page\" data-elementor-id=\"6235\" class=\"elementor elementor-6235\" data-elementor-post-type=\"page\">\n\t\t\t\t<div class=\"elementor-element elementor-element-62087b5 e-con-full e-flex e-con e-parent\" data-id=\"62087b5\" data-element_type=\"container\" data-e-type=\"container\">\n\t\t\t\t<div class=\"elementor-element elementor-element-f96b70d elementor-widget elementor-widget-template\" data-id=\"f96b70d\" data-element_type=\"widget\" data-e-type=\"widget\" data-widget_type=\"template.default\">\n\t\t\t\t<div class=\"elementor-widget-container\">\n\t\t\t\t\t\t\t<div class=\"elementor-template\">\n\t\t\t\t\t<div data-elementor-type=\"container\" data-elementor-id=\"3155\" class=\"elementor elementor-3155\" data-elementor-post-type=\"elementor_library\">\n\t\t\t\t<div class=\"elementor-element elementor-element-19fb5812 e-con-full e-flex e-con e-parent\" data-id=\"19fb5812\" data-element_type=\"container\" data-e-type=\"container\">\n\t\t<div class=\"elementor-element elementor-element-5c000f2b e-con-full e-flex e-con e-child\" data-id=\"5c000f2b\" data-element_type=\"container\" data-e-type=\"container\" data-settings=\"{&quot;background_background&quot;:&quot;classic&quot;}\">\n\t\t\t\t<\/div>\n\t\t<div class=\"elementor-element elementor-element-33961fb3 e-flex e-con-boxed e-con e-child\" data-id=\"33961fb3\" data-element_type=\"container\" data-e-type=\"container\" data-settings=\"{&quot;background_background&quot;:&quot;classic&quot;}\">\n\t\t\t\t\t<div class=\"e-con-inner\">\n\t\t<div class=\"elementor-element elementor-element-9e14839 e-flex e-con-boxed e-con e-child\" data-id=\"9e14839\" data-element_type=\"container\" data-e-type=\"container\" data-settings=\"{&quot;background_background&quot;:&quot;classic&quot;}\">\n\t\t\t\t\t<div class=\"e-con-inner\">\n\t\t\t\t<div class=\"elementor-element elementor-element-4492be94 elementor-widget elementor-widget-heading\" data-id=\"4492be94\" data-element_type=\"widget\" data-e-type=\"widget\" data-widget_type=\"heading.default\">\n\t\t\t\t<div class=\"elementor-widget-container\">\n\t\t\t\t\t<h1 class=\"elementor-heading-title elementor-size-default\">Kvalitets- och Milj\u00f6policy<\/h1>\t\t\t\t<\/div>\n\t\t\t\t<\/div>\n\t\t<div class=\"elementor-element elementor-element-d2de323 e-con-full e-flex e-con e-child\" data-id=\"d2de323\" data-element_type=\"container\" data-e-type=\"container\" data-settings=\"{&quot;background_background&quot;:&quot;classic&quot;}\">\n\t\t\t\t<\/div>\n\t\t\t\t<div class=\"elementor-element elementor-element-3e1b4280 elementor-widget__width-initial elementor-widget elementor-widget-text-editor\" data-id=\"3e1b4280\" data-element_type=\"widget\" data-e-type=\"widget\" data-widget_type=\"text-editor.default\">\n\t\t\t\t<div class=\"elementor-widget-container\">\n\t\t\t\t\t\t\t\t\tV\u00e5r kvalitets- och milj\u00f6policy definierar Enwa Water Technologys \u00e5tagande att uppfylla kundernas och myndigheternas krav och samtidigt s\u00e4kerst\u00e4lla h\u00f6g kvalitet, en s\u00e4ker arbetsmilj\u00f6 och en ansvarsfull milj\u00f6ledning. Policyn beskriver v\u00e5ra principer f\u00f6r kontinuerlig f\u00f6rb\u00e4ttring, riskhantering och efterlevnad av internationella standarder i alla v\u00e5ra verksamheter.\t\t\t\t\t\t\t\t<\/div>\n\t\t\t\t<\/div>\n\t\t\t\t\t<\/div>\n\t\t\t\t<\/div>\n\t\t\t\t\t<\/div>\n\t\t\t\t<\/div>\n\t\t\t\t<\/div>\n\t\t\t\t<\/div>\n\t\t\t\t<\/div>\n\t\t\t\t\t\t<\/div>\n\t\t\t\t<\/div>\n\t\t\t\t<\/div>\n\t\t<div class=\"elementor-element elementor-element-533e365 e-flex e-con-boxed e-con e-parent\" data-id=\"533e365\" data-element_type=\"container\" data-e-type=\"container\">\n\t\t\t\t\t<div class=\"e-con-inner\">\n\t\t\t\t<div class=\"elementor-element elementor-element-1170ae2 elementor-widget elementor-widget-text-editor\" data-id=\"1170ae2\" data-element_type=\"widget\" data-e-type=\"widget\" data-widget_type=\"text-editor.default\">\n\t\t\t\t<div class=\"elementor-widget-container\">\n\t\t\t\t\t\t\t\t\t<ul><li>Enwa Water Technology \u00e4r en del av SKion Water och denna policy utg\u00e5r fr\u00e5n koncernens v\u00e4rderingar och \u00f6vergripande riktlinjer.<\/li><li>H\u00f6gsta ledningen \u00e5tar sig att uppfylla alla till\u00e4mpliga kund-, lag- och myndighetskrav samt att skydda milj\u00f6n s\u00e5 l\u00e5ngt som m\u00f6jligt.<\/li><li>Vi levererar s\u00e4kra, kompetenta och h\u00e5llbara l\u00f6sningar d\u00e4r kundn\u00f6jdhet st\u00e5r i centrum.<\/li><li>Vi \u00e4r stolta \u00f6ver att erbjuda moderna produkter som minskar energianv\u00e4ndning och st\u00e4rker tillg\u00e5ngen till rent vatten.<\/li><li>Vi arbetar med st\u00e4ndiga f\u00f6rb\u00e4ttringar av kvalitet och milj\u00f6prestanda och minskar v\u00e5r milj\u00f6p\u00e5verkan genom f\u00f6rebyggande \u00e5tg\u00e4rder, resurseffektiva processer och fr\u00e4mjar h\u00e5llbar utveckling.<\/li><li>Vi planerar och styr v\u00e5ra processer med livscykelperspektiv d\u00e4r det \u00e4r relevant.<\/li><li>Vi arbetar f\u00f6r att ligga i framkant genom h\u00e5llbara och l\u00f6nsamma l\u00f6sningar som s\u00e4tter normen f\u00f6r teknisk design, produktion och f\u00f6rs\u00e4ljning inom v\u00e5ra valda nischer.<\/li><li>Ansvar f\u00f6r kvalitet tillkommer alla medarbetare i hela organisationen, och samtliga ges f\u00f6ruts\u00e4ttningar att fullg\u00f6ra sitt ansvar f\u00f6r b\u00e5de kvalitet och milj\u00f6 genom information, utbildning och n\u00f6dv\u00e4ndiga resurser. Detta innefattar \u00e4ven att aktivt identifiera, hantera och minska relevanta risker och m\u00f6jligheter som kan p\u00e5verka v\u00e5r kvalitet, v\u00e5ra milj\u00f6aspekter och v\u00e5ra resultat.<\/li><li>Vi fastst\u00e4ller, f\u00f6ljer upp och reviderar m\u00e4tbara kvalitets- och milj\u00f6m\u00e5l baserat p\u00e5 denna policy.<\/li><\/ul><p><em>Denna policy g\u00e4ller f\u00f6r Enwa Water Technology och ses \u00f6ver \u00e5rligen.<\/em><\/p>\t\t\t\t\t\t\t\t<\/div>\n\t\t\t\t<\/div>\n\t\t\t\t<div class=\"elementor-element elementor-element-16aeb4d elementor-widget elementor-widget-text-editor\" data-id=\"16aeb4d\" data-element_type=\"widget\" data-e-type=\"widget\" data-widget_type=\"text-editor.default\">\n\t\t\t\t<div class=\"elementor-widget-container\">\n\t\t\t\t\t\t\t\t\t<p><span style=\"text-decoration: underline;\"><strong>Kvalitets- och Milj\u00f6policy<\/strong><\/span><br \/>Dok.nr \/ rev. POL001247 \/ 001<br \/>Datum 2026.03.03<br \/>Godk\u00e4nd av divisionschef Kjetil \u00d8xnevad<\/p>\t\t\t\t\t\t\t\t<\/div>\n\t\t\t\t<\/div>\n\t\t\t\t\t<\/div>\n\t\t\t\t<\/div>\n\t\t\t\t<\/div>","protected":false},"excerpt":{"rendered":"<p>V\u00e5r kvalitets- och milj\u00f6policy definierar Enwa Water Technologys \u00e5tagande att uppfylla kundernas och myndigheternas krav och samtidigt s\u00e4kerst\u00e4lla h\u00f6g kvalitet, en s\u00e4ker arbetsmilj\u00f6 och en ansvarsfull milj\u00f6ledning. Policyn beskriver v\u00e5ra principer f\u00f6r kontinuerlig f\u00f6rb\u00e4ttring, riskhantering och efterlevnad av internationella standarder i alla v\u00e5ra verksamheter.<\/p>","protected":false},"author":2,"featured_media":0,"parent":0,"menu_order":0,"comment_status":"closed","ping_status":"closed","template":"","meta":{"_acf_changed":false,"footnotes":""},"class_list":["post-6235","page","type-page","status-publish","hentry"],"acf":[],"_links":{"self":[{"href":"https:\/\/uk-staging.enwa.com\/sv\/wp-json\/wp\/v2\/pages\/6235","targetHints":{"allow":["GET"]}}],"collection":[{"href":"https:\/\/uk-staging.enwa.com\/sv\/wp-json\/wp\/v2\/pages"}],"about":[{"href":"https:\/\/uk-staging.enwa.com\/sv\/wp-json\/wp\/v2\/types\/page"}],"author":[{"embeddable":true,"href":"https:\/\/uk-staging.enwa.com\/sv\/wp-json\/wp\/v2\/users\/2"}],"replies":[{"embeddable":true,"href":"https:\/\/uk-staging.enwa.com\/sv\/wp-json\/wp\/v2\/comments?post=6235"}],"version-history":[{"count":10,"href":"https:\/\/uk-staging.enwa.com\/sv\/wp-json\/wp\/v2\/pages\/6235\/revisions"}],"predecessor-version":[{"id":9887,"href":"https:\/\/uk-staging.enwa.com\/sv\/wp-json\/wp\/v2\/pages\/6235\/revisions\/9887"}],"wp:attachment":[{"href":"https:\/\/uk-staging.enwa.com\/sv\/wp-json\/wp\/v2\/media?parent=6235"}],"curies":[{"name":"wp","href":"https:\/\/api.w.org\/{rel}","templated":true}]}}